{"id":23,"date":"2021-10-06T10:13:45","date_gmt":"2021-10-06T08:13:45","guid":{"rendered":"http:\/\/vzfnlme.cluster031.hosting.ovh.net\/?page_id=23"},"modified":"2024-04-26T13:37:22","modified_gmt":"2024-04-26T11:37:22","slug":"contact","status":"publish","type":"page","link":"https:\/\/www.fermedanimation.be\/index.php\/contact\/","title":{"rendered":"Contact"},"content":{"rendered":"\n<div class=\"wp-block-columns is-layout-flex wp-container-core-columns-is-layout-8f761849 wp-block-columns-is-layout-flex\">\n<div class=\"wp-block-column is-layout-flow wp-block-column-is-layout-flow\" style=\"flex-basis:33.33%\">\n<figure class=\"wp-block-image size-large is-resized\"><img loading=\"lazy\" decoding=\"async\" src=\"http:\/\/vzfnlme.cluster031.hosting.ovh.net\/wp-content\/uploads\/2021\/12\/kisspng-computer-icons-iconfinder-clip-art-house-icon-png-white-5ab057783b7eb5.1620383015215061682437-copie.jpg\" alt=\"\" class=\"wp-image-334\" width=\"156\" height=\"156\" srcset=\"https:\/\/www.fermedanimation.be\/wp-content\/uploads\/2021\/12\/kisspng-computer-icons-iconfinder-clip-art-house-icon-png-white-5ab057783b7eb5.1620383015215061682437-copie.jpg 900w, https:\/\/www.fermedanimation.be\/wp-content\/uploads\/2021\/12\/kisspng-computer-icons-iconfinder-clip-art-house-icon-png-white-5ab057783b7eb5.1620383015215061682437-copie-300x300.jpg 300w, https:\/\/www.fermedanimation.be\/wp-content\/uploads\/2021\/12\/kisspng-computer-icons-iconfinder-clip-art-house-icon-png-white-5ab057783b7eb5.1620383015215061682437-copie-150x150.jpg 150w, https:\/\/www.fermedanimation.be\/wp-content\/uploads\/2021\/12\/kisspng-computer-icons-iconfinder-clip-art-house-icon-png-white-5ab057783b7eb5.1620383015215061682437-copie-768x768.jpg 768w, https:\/\/www.fermedanimation.be\/wp-content\/uploads\/2021\/12\/kisspng-computer-icons-iconfinder-clip-art-house-icon-png-white-5ab057783b7eb5.1620383015215061682437-copie-100x100.jpg 100w\" sizes=\"auto, (max-width: 156px) 100vw, 156px\" \/><\/figure>\n<\/div>\n\n\n\n<div class=\"wp-block-column is-layout-flow wp-block-column-is-layout-flow\" style=\"flex-basis:66.66%\">\n<p class=\"wp-block-paragraph\"><strong><span class=\"has-inline-color has-luminous-vivid-orange-color\">Si\u00e8ge social<\/span><\/strong><\/p>\n\n\n\n<p class=\"wp-block-paragraph\"><strong>asbl La Prairie<\/strong><\/p>\n\n\n\n<p class=\"wp-block-paragraph\">121, rue de la Vellerie &#8211; 7700 Mouscron<\/p>\n\n\n\n<p class=\"wp-block-paragraph\">T\u00e9l. : 056\/34.20.44 &#8211; fbffa\u263afermedanimation.be  <\/p>\n\n\n\n<p class=\"has-small-font-size wp-block-paragraph\">(pensez \u00e0 remplacer le \u263a par un @ lorsque vous encodez l&rsquo;adresse mail)<\/p>\n<\/div>\n<\/div>\n\n\n\n<p class=\"has-text-align-center has-medium-font-size wp-block-paragraph\"><\/p>\n\n\n\n<div class=\"wp-block-columns is-layout-flex wp-container-core-columns-is-layout-8f761849 wp-block-columns-is-layout-flex\">\n<div class=\"wp-block-column is-layout-flow wp-block-column-is-layout-flow\" style=\"flex-basis:33.33%\">\n<figure class=\"wp-block-image size-large is-resized\"><img loading=\"lazy\" decoding=\"async\" src=\"http:\/\/vzfnlme.cluster031.hosting.ovh.net\/wp-content\/uploads\/2021\/12\/information-icon-in-flat-style-info-symbol-vector-20600459-copie.jpg\" alt=\"\" class=\"wp-image-337\" width=\"147\" height=\"147\" srcset=\"https:\/\/www.fermedanimation.be\/wp-content\/uploads\/2021\/12\/information-icon-in-flat-style-info-symbol-vector-20600459-copie.jpg 694w, https:\/\/www.fermedanimation.be\/wp-content\/uploads\/2021\/12\/information-icon-in-flat-style-info-symbol-vector-20600459-copie-297x300.jpg 297w, https:\/\/www.fermedanimation.be\/wp-content\/uploads\/2021\/12\/information-icon-in-flat-style-info-symbol-vector-20600459-copie-150x150.jpg 150w, https:\/\/www.fermedanimation.be\/wp-content\/uploads\/2021\/12\/information-icon-in-flat-style-info-symbol-vector-20600459-copie-100x100.jpg 100w\" sizes=\"auto, (max-width: 147px) 100vw, 147px\" \/><\/figure>\n<\/div>\n\n\n\n<div class=\"wp-block-column is-layout-flow wp-block-column-is-layout-flow\" style=\"flex-basis:66.66%\">\n<p class=\"has-text-align-left has-luminous-vivid-orange-color has-text-color has-normal-font-size wp-block-paragraph\"><strong>Infos et renseignements sur les fermes d&rsquo;animation<\/strong><\/p>\n\n\n\n<p class=\"wp-block-paragraph\">Sarah Install\u00e9, coordinatrice<\/p>\n\n\n\n<p class=\"wp-block-paragraph\"><strong>Permanence t\u00e9l\u00e9phonique mardi et jeudi de 9h \u00e0 13h.<\/strong><\/p>\n\n\n\n<p class=\"wp-block-paragraph\"><em>T\u00e9l. : <strong>0488\/55 28 22<\/strong><\/em> &#8211; fbffa\u263afermedanimation.be<\/p>\n\n\n\n<p class=\"wp-block-paragraph\"><\/p>\n\n\n\n<p class=\"has-small-font-size wp-block-paragraph\">(pensez \u00e0 remplacer le \u263a par un @ lorsque vous encodez l&rsquo;adresse mail)<\/p>\n<\/div>\n<\/div>\n\n\n\n<p class=\"wp-block-paragraph\"><\/p>\n","protected":false},"excerpt":{"rendered":"<p>Si\u00e8ge social asbl La Prairie 121, rue de la Vellerie &#8211; 7700 Mouscron T\u00e9l. : 056\/34.20.44 &#8211; fbffa\u263afermedanimation.be (pensez \u00e0 remplacer le \u263a par un @ lorsque vous encodez l&rsquo;adresse mail) Infos et renseignements sur les fermes d&rsquo;animation Sarah Install\u00e9, coordinatrice Permanence t\u00e9l\u00e9phonique mardi et jeudi de 9h \u00e0 13h. T\u00e9l. : 0488\/55 28 22 &hellip; <\/p>\n<p class=\"link-more\"><a href=\"https:\/\/www.fermedanimation.be\/index.php\/contact\/\" class=\"more-link\">Continuer la lecture<span class=\"screen-reader-text\"> de &laquo;&nbsp;Contact&nbsp;&raquo;<\/span><\/a><\/p>\n","protected":false},"author":2,"featured_media":0,"parent":0,"menu_order":0,"comment_status":"closed","ping_status":"closed","template":"","meta":{"_crdt_document":"","footnotes":""},"class_list":["post-23","page","type-page","status-publish","hentry"],"_links":{"self":[{"href":"https:\/\/www.fermedanimation.be\/index.php\/wp-json\/wp\/v2\/pages\/23","targetHints":{"allow":["GET"]}}],"collection":[{"href":"https:\/\/www.fermedanimation.be\/index.php\/wp-json\/wp\/v2\/pages"}],"about":[{"href":"https:\/\/www.fermedanimation.be\/index.php\/wp-json\/wp\/v2\/types\/page"}],"author":[{"embeddable":true,"href":"https:\/\/www.fermedanimation.be\/index.php\/wp-json\/wp\/v2\/users\/2"}],"replies":[{"embeddable":true,"href":"https:\/\/www.fermedanimation.be\/index.php\/wp-json\/wp\/v2\/comments?post=23"}],"version-history":[{"count":16,"href":"https:\/\/www.fermedanimation.be\/index.php\/wp-json\/wp\/v2\/pages\/23\/revisions"}],"predecessor-version":[{"id":839,"href":"https:\/\/www.fermedanimation.be\/index.php\/wp-json\/wp\/v2\/pages\/23\/revisions\/839"}],"wp:attachment":[{"href":"https:\/\/www.fermedanimation.be\/index.php\/wp-json\/wp\/v2\/media?parent=23"}],"curies":[{"name":"wp","href":"https:\/\/api.w.org\/{rel}","templated":true}]}}